{"id":1607,"date":"2025-04-12T15:30:40","date_gmt":"2025-04-12T20:30:40","guid":{"rendered":"https:\/\/ruizimmigrationlaw.com\/areas-de-practica\/"},"modified":"2025-04-14T09:00:35","modified_gmt":"2025-04-14T14:00:35","slug":"areas-de-practica","status":"publish","type":"page","link":"https:\/\/ruizimmigrationlaw.com\/es\/areas-de-practica\/","title":{"rendered":"\u00c1reas de Pr\u00e1ctica"},"content":{"rendered":"\n<p>Navegar por el sistema de inmigraci\u00f3n de EE.UU. puede ser un reto sin la orientaci\u00f3n jur\u00eddica adecuada. En <a href=\"https:\/\/ruizimmigrationlaw.com\/es\/\">Ruiz Immigration Law, LLC<\/a>, estamos comprometidos a ayudar a individuos, familias y empresas a encontrar soluciones estrat\u00e9gicas a sus necesidades de inmigraci\u00f3n. Desde peticiones familiares hasta protecciones humanitarias, nuestra firma ofrece una gama completa de servicios de inmigraci\u00f3n adaptados para satisfacer sus objetivos espec\u00edficos.  <\/p>\n\n<p>Si usted est\u00e1 buscando un bufete de abogados de inmigraci\u00f3n de confianza Atlanta, GA o en busca de Marietta abogados de inmigraci\u00f3n cerca de m\u00ed, nuestro equipo est\u00e1 aqu\u00ed para apoyarle con atenci\u00f3n profesional y personalizada en cada etapa de su caso.<\/p>\n\n<div class=\"wp-block-group alignwide\"><div class=\"wp-block-group__inner-container is-layout-constrained wp-block-group-is-layout-constrained\">\n<h2 class=\"wp-block-heading\">Apoyo integral a la inmigraci\u00f3n para familias, trabajadores y particulares<\/h2>\n\n\n\n<p>La ley de inmigraci\u00f3n est\u00e1 en constante evoluci\u00f3n, y cada caso presenta desaf\u00edos \u00fanicos. En Ruiz Immigration Law, LLC, trabajamos estrechamente con nuestros clientes para desarrollar estrategias personalizadas dise\u00f1adas para satisfacer sus necesidades. Nuestras \u00e1reas de pr\u00e1ctica incluyen:  <\/p>\n\n\n\n<nav class=\"flc-menu  columns-2\"><ul><li class=\"page_item page-item-1586\"><a href=\"https:\/\/ruizimmigrationlaw.com\/es\/areas-de-practica\/citizenship-naturalization\/\">Ciudadan\u00eda &amp; Naturalizaci\u00f3n<\/a><\/li>\n<li class=\"page_item page-item-1573\"><a href=\"https:\/\/ruizimmigrationlaw.com\/es\/areas-de-practica\/defensa-en-casos-de-deportacion-y-expulsion\/\">Defensa en casos de deportaci\u00f3n y expulsi\u00f3n<\/a><\/li>\n<li class=\"page_item page-item-1567\"><a href=\"https:\/\/ruizimmigrationlaw.com\/es\/areas-de-practica\/inmigracion-familiar\/\">Inmigraci\u00f3n familiar<\/a><\/li>\n<li class=\"page_item page-item-1588\"><a href=\"https:\/\/ruizimmigrationlaw.com\/es\/areas-de-practica\/inmigracion-laboral-y-empresarial\/\">Inmigraci\u00f3n laboral y empresarial<\/a><\/li>\n<li class=\"page_item page-item-1577\"><a href=\"https:\/\/ruizimmigrationlaw.com\/es\/areas-de-practica\/proteccion-humanitaria\/\">Protecci\u00f3n Humanitaria<\/a><\/li>\n<li class=\"page_item page-item-1592\"><a href=\"https:\/\/ruizimmigrationlaw.com\/es\/areas-de-practica\/tramites-consulares-y-exenciones\/\">Tr\u00e1mites consulares y exenciones<\/a><\/li>\n<\/ul><\/nav>\n\n\n\n<p>Nuestra firma combina el conocimiento detallado de la ley de inmigraci\u00f3n con un profundo respeto por las historias individuales y los objetivos de cada cliente que servimos.<\/p>\n<\/div><\/div>\n\n<div class=\"wp-block-group alignwide\"><div class=\"wp-block-group__inner-container is-layout-constrained wp-block-group-is-layout-constrained\">\n<h2 class=\"wp-block-heading\">Soluciones de inmigraci\u00f3n basadas en la familia<\/h2>\n\n\n\n<p>La unidad familiar es una piedra angular de la pol\u00edtica de inmigraci\u00f3n de EE.UU.. Ruiz Immigration Law, LLC ayuda a las familias de Atlanta y Marietta a solicitar c\u00f3nyuges, hijos, padres y hermanos, ofreciendo una orientaci\u00f3n clara sobre las v\u00edas hacia la residencia permanente legal y exenciones de inadmisibilidad cuando sea necesario. Si usted est\u00e1 solicitando una tarjeta verde basada en el matrimonio o reunirse con sus seres queridos en el extranjero, estamos aqu\u00ed para ayudar.  <\/p>\n\n\n\n<h2 class=\"wp-block-heading\">Defensa contra la deportaci\u00f3n y la expulsi\u00f3n<\/h2>\n\n\n\n<p>Enfrentarse a la deportaci\u00f3n puede ser abrumador. Nuestra firma representa a individuos en la corte de inmigraci\u00f3n, ofreciendo apoyo para audiencias de fianza, cancelaci\u00f3n de expulsi\u00f3n, y apelaciones ante la Junta de Apelaciones de Inmigraci\u00f3n (BIA) o los tribunales federales. Cada caso de deportaci\u00f3n es \u00fanico, y la preparaci\u00f3n cuidadosa es fundamental para proteger sus derechos y oportunidades.  <\/p>\n\n\n\n<h2 class=\"wp-block-heading\">Inmigraci\u00f3n basada en el empleo y visados temporales<\/h2>\n\n\n\n<p>Las empresas y los trabajadores a trav\u00e9s de Georgia dependen de los canales de inmigraci\u00f3n legal para crecer oportunidades y carreras. Ruiz Immigration Law, LLC ofrece servicios para visas basadas en empleo, programas de trabajadores temporales, y apoyo para el cumplimiento del empleador. Tambi\u00e9n ayudamos a las personas que buscan visas de no inmigrante, incluyendo visas de estudiante (F-1) y visas de trabajador religioso (R-1).  <\/p>\n<\/div><\/div>\n\n<div class=\"wp-block-group alignwide\"><div class=\"wp-block-group__inner-container is-layout-constrained wp-block-group-is-layout-constrained\">\n<h2 class=\"wp-block-heading\">Protecci\u00f3n humanitaria de las personas vulnerables<\/h2>\n\n\n\n<p>Las v\u00edctimas de cr\u00edmenes, violencia dom\u00e9stica y otras crisis humanitarias pueden calificar para protecciones especiales de inmigraci\u00f3n. Nuestros servicios incluyen asistencia con visas U, auto-peticiones VAWA, renovaciones DACA, y solicitudes de Estatus de Protecci\u00f3n Temporal (TPS). Entendemos la sensibilidad requerida en estos casos y proporcionamos apoyo legal compasivo y confidencial.  <\/p>\n\n\n\n<h2 class=\"wp-block-heading\">Su camino hacia la ciudadan\u00eda y la naturalizaci\u00f3n<\/h2>\n\n\n\n<p>Convertirse en un ciudadano de los EE.UU. es un hito importante. Ruiz Immigration Law, LLC ayuda a los clientes a prepararse para la naturalizaci\u00f3n (Formulario N-400), solicitudes de Certificados de Ciudadan\u00eda (Formulario N-600), y entrevistas de ciudadan\u00eda. Nuestro objetivo es hacer el proceso tan comprensible y libre de estr\u00e9s como sea posible.  <\/p>\n\n\n\n<h2 class=\"wp-block-heading\">Al servicio de Atlanta, Marietta y comunidades vecinas<\/h2>\n\n\n\n<p>En Ruiz Immigration Law, LLC, estamos orgullosos de servir a los inmigrantes a trav\u00e9s de Atlanta, Marietta, y la mayor regi\u00f3n de Georgia. Nuestra oficina est\u00e1 convenientemente ubicada en el \u00e1rea de Vinings, y estamos profundamente comprometidos a apoyar a las diversas comunidades de inmigrantes que contribuyen tanto a la estructura de nuestro estado. <\/p>\n\n\n\n<p>Desde el momento en que se ponga en contacto con nuestro bufete, recibir\u00e1 un asesoramiento honesto, un trato respetuoso y una orientaci\u00f3n jur\u00eddica bien informada y adaptada a sus necesidades. Los asuntos de inmigraci\u00f3n son demasiado importantes para manejarlos solo. Perm\u00edtanos ayudarle a avanzar con claridad y confianza.  <\/p>\n<\/div><\/div>\n\n<h2 class=\"wp-block-heading\">\u00bfListo para comenzar su viaje de inmigraci\u00f3n con un equipo legal de confianza?<\/h2>\n\n<p>Si necesita apoyo calificado para cualquier asunto de inmigraci\u00f3n, Ruiz Immigration Law, LLC est\u00e1 listo para estar a su lado. P\u00f3ngase en <a href=\"https:\/\/ruizimmigrationlaw.com\/contact\/\" class=\"contact_anchor \"><span>contacto con nosotros<\/span><\/a> hoy para saber c\u00f3mo podemos ayudarle a alcanzar sus metas de inmigraci\u00f3n.<\/p>\n\n<p><\/p>\n","protected":false},"excerpt":{"rendered":"<p>Navegar por el sistema de inmigraci\u00f3n de EE.UU. puede ser un reto sin la orientaci\u00f3n jur\u00eddica adecuada. En Ruiz Immigration Law, LLC, estamos comprometidos a ayudar a individuos, familias y empresas a encontrar soluciones estrat\u00e9gicas a sus necesidades de inmigraci\u00f3n. Desde peticiones familiares hasta protecciones humanitarias, nuestra firma ofrece una gama completa de servicios de&hellip; <a href=\"https:\/\/ruizimmigrationlaw.com\/es\/areas-de-practica\/\" class=\"btn btn-link more-link\"> Seguir leyendo <span class=\"sr-only\"> acerca de \u00c1reas de Pr\u00e1ctica<\/span><\/a><\/p>\n","protected":false},"author":1,"featured_media":0,"parent":0,"menu_order":0,"comment_status":"closed","ping_status":"closed","template":"template-fullwidth.php","meta":{"_acf_changed":false,"footnotes":""},"class_list":["post-1607","page","type-page","status-publish"],"acf":[],"yoast_head":"<!-- This site is optimized with the Yoast SEO plugin v26.9 - https:\/\/yoast.com\/product\/yoast-seo-wordpress\/ -->\n<title>Servicios Legales de Inmigraci\u00f3n Atlanta GA | Marietta Immigration Law Office<\/title>\n<meta name=\"description\" content=\"Explore los servicios legales integrales de inmigraci\u00f3n en Atlanta y Marietta, incluyendo peticiones familiares, defensa de deportaci\u00f3n, visas y apoyo a la ciudadan\u00eda en Ruiz Immigration Law, LLC.\" \/>\n<meta name=\"robots\" content=\"index, follow, max-snippet:-1, max-image-preview:large, max-video-preview:-1\" \/>\n<link rel=\"canonical\" href=\"https:\/\/ruizimmigrationlaw.com\/es\/areas-de-practica\/\" \/>\n<meta property=\"og:locale\" content=\"es_ES\" \/>\n<meta property=\"og:type\" content=\"article\" \/>\n<meta property=\"og:title\" content=\"Servicios Legales de Inmigraci\u00f3n Atlanta GA | Marietta Immigration Law Office\" \/>\n<meta property=\"og:description\" content=\"Explore los servicios legales integrales de inmigraci\u00f3n en Atlanta y Marietta, incluyendo peticiones familiares, defensa de deportaci\u00f3n, visas y apoyo a la ciudadan\u00eda en Ruiz Immigration Law, LLC.\" \/>\n<meta property=\"og:url\" content=\"https:\/\/ruizimmigrationlaw.com\/es\/areas-de-practica\/\" \/>\n<meta property=\"og:site_name\" content=\"Ruiz Immigration Law, LLC\" \/>\n<meta property=\"article:modified_time\" content=\"2025-04-14T14:00:35+00:00\" \/>\n<meta property=\"og:image\" content=\"https:\/\/ruizimmigrationlaw.com\/wp-content\/uploads\/2025\/04\/original-license-confirmed.jpg\" \/>\n<meta name=\"twitter:card\" content=\"summary_large_image\" \/>\n<meta name=\"twitter:image\" content=\"https:\/\/ruizimmigrationlaw.com\/wp-content\/uploads\/2025\/04\/original-license-confirmed.jpg\" \/>\n<meta name=\"twitter:label1\" content=\"Tiempo de lectura\" \/>\n\t<meta name=\"twitter:data1\" content=\"4 minutos\" \/>\n<!-- \/ Yoast SEO plugin. -->","yoast_head_json":{"title":"Servicios Legales de Inmigraci\u00f3n Atlanta GA | Marietta Immigration Law Office","description":"Explore los servicios legales integrales de inmigraci\u00f3n en Atlanta y Marietta, incluyendo peticiones familiares, defensa de deportaci\u00f3n, visas y apoyo a la ciudadan\u00eda en Ruiz Immigration Law, LLC.","robots":{"index":"index","follow":"follow","max-snippet":"max-snippet:-1","max-image-preview":"max-image-preview:large","max-video-preview":"max-video-preview:-1"},"canonical":"https:\/\/ruizimmigrationlaw.com\/es\/areas-de-practica\/","og_locale":"es_ES","og_type":"article","og_title":"Servicios Legales de Inmigraci\u00f3n Atlanta GA | Marietta Immigration Law Office","og_description":"Explore los servicios legales integrales de inmigraci\u00f3n en Atlanta y Marietta, incluyendo peticiones familiares, defensa de deportaci\u00f3n, visas y apoyo a la ciudadan\u00eda en Ruiz Immigration Law, LLC.","og_url":"https:\/\/ruizimmigrationlaw.com\/es\/areas-de-practica\/","og_site_name":"Ruiz Immigration Law, LLC","article_modified_time":"2025-04-14T14:00:35+00:00","og_image":[{"url":"https:\/\/ruizimmigrationlaw.com\/wp-content\/uploads\/2025\/04\/original-license-confirmed.jpg","type":"","width":"","height":""}],"twitter_card":"summary_large_image","twitter_image":"https:\/\/ruizimmigrationlaw.com\/wp-content\/uploads\/2025\/04\/original-license-confirmed.jpg","twitter_misc":{"Tiempo de lectura":"4 minutos"},"schema":{"@context":"https:\/\/schema.org","@graph":[{"@type":"WebPage","@id":"https:\/\/ruizimmigrationlaw.com\/es\/areas-de-practica\/","url":"https:\/\/ruizimmigrationlaw.com\/es\/areas-de-practica\/","name":"Servicios Legales de Inmigraci\u00f3n Atlanta GA | Marietta Immigration Law Office","isPartOf":{"@id":"https:\/\/ruizimmigrationlaw.com\/es\/#website"},"datePublished":"2025-04-12T20:30:40+00:00","dateModified":"2025-04-14T14:00:35+00:00","description":"Explore los servicios legales integrales de inmigraci\u00f3n en Atlanta y Marietta, incluyendo peticiones familiares, defensa de deportaci\u00f3n, visas y apoyo a la ciudadan\u00eda en Ruiz Immigration Law, LLC.","breadcrumb":{"@id":"https:\/\/ruizimmigrationlaw.com\/es\/areas-de-practica\/#breadcrumb"},"inLanguage":"es","potentialAction":[{"@type":"ReadAction","target":["https:\/\/ruizimmigrationlaw.com\/es\/areas-de-practica\/"]}]},{"@type":"BreadcrumbList","@id":"https:\/\/ruizimmigrationlaw.com\/es\/areas-de-practica\/#breadcrumb","itemListElement":[{"@type":"ListItem","position":1,"name":"Home","item":"https:\/\/ruizimmigrationlaw.com\/es\/sample-page\/"},{"@type":"ListItem","position":2,"name":"\u00c1reas de Pr\u00e1ctica"}]},{"@type":"WebSite","@id":"https:\/\/ruizimmigrationlaw.com\/es\/#website","url":"https:\/\/ruizimmigrationlaw.com\/es\/","name":"Ruiz Immigration Law, LLC","description":"","potentialAction":[{"@type":"SearchAction","target":{"@type":"EntryPoint","urlTemplate":"https:\/\/ruizimmigrationlaw.com\/es\/?s={search_term_string}"},"query-input":{"@type":"PropertyValueSpecification","valueRequired":true,"valueName":"search_term_string"}}],"inLanguage":"es"}]}},"_links":{"self":[{"href":"https:\/\/ruizimmigrationlaw.com\/es\/wp-json\/wp\/v2\/pages\/1607","targetHints":{"allow":["GET"]}}],"collection":[{"href":"https:\/\/ruizimmigrationlaw.com\/es\/wp-json\/wp\/v2\/pages"}],"about":[{"href":"https:\/\/ruizimmigrationlaw.com\/es\/wp-json\/wp\/v2\/types\/page"}],"author":[{"embeddable":true,"href":"https:\/\/ruizimmigrationlaw.com\/es\/wp-json\/wp\/v2\/users\/1"}],"replies":[{"embeddable":true,"href":"https:\/\/ruizimmigrationlaw.com\/es\/wp-json\/wp\/v2\/comments?post=1607"}],"version-history":[{"count":1,"href":"https:\/\/ruizimmigrationlaw.com\/es\/wp-json\/wp\/v2\/pages\/1607\/revisions"}],"predecessor-version":[{"id":1608,"href":"https:\/\/ruizimmigrationlaw.com\/es\/wp-json\/wp\/v2\/pages\/1607\/revisions\/1608"}],"wp:attachment":[{"href":"https:\/\/ruizimmigrationlaw.com\/es\/wp-json\/wp\/v2\/media?parent=1607"}],"curies":[{"name":"wp","href":"https:\/\/api.w.org\/{rel}","templated":true}]}}